{"id":4595,"date":"2021-09-15T09:46:21","date_gmt":"2021-09-15T09:46:21","guid":{"rendered":"http:\/\/salpicosdeglamour.pt\/industria-de-mobiliario\/utilizacao-de-cookies\/"},"modified":"2024-08-14T09:26:14","modified_gmt":"2024-08-14T09:26:14","slug":"utilizacao-de-cookies","status":"publish","type":"page","link":"https:\/\/www.salpicosdeglamour.pt\/industria-de-mobiliario\/fr\/utilizacao-de-cookies\/","title":{"rendered":"Utilisation de Cookies"},"content":{"rendered":"\t\t<div data-elementor-type=\"wp-page\" data-elementor-id=\"4595\" class=\"elementor elementor-4595 elementor-3881\">\n\t\t\t\t\t\t\t\t\t<section class=\"elementor-section elementor-top-section elementor-element elementor-element-5686c310 elementor-section-height-min-height elementor-section-boxed elementor-section-height-default elementor-section-items-middle\" data-id=\"5686c310\" data-element_type=\"section\" data-settings=\"{&quot;background_background&quot;:&quot;classic&quot;}\">\n\t\t\t\t\t\t\t<div class=\"elementor-background-overlay\"><\/div>\n\t\t\t\t\t\t\t<div class=\"elementor-container elementor-column-gap-default\">\n\t\t\t\t\t<div class=\"elementor-column elementor-col-100 elementor-top-column elementor-element elementor-element-16a6d643\" data-id=\"16a6d643\" data-element_type=\"column\">\n\t\t\t<div class=\"elementor-widget-wrap elementor-element-populated\">\n\t\t\t\t\t\t\t\t<div class=\"elementor-element elementor-element-47192b97 elementor-widget elementor-widget-heading\" data-id=\"47192b97\" data-element_type=\"widget\" data-widget_type=\"heading.default\">\n\t\t\t\t<div class=\"elementor-widget-container\">\n\t\t\t<style>\/*! elementor - v3.7.8 - 02-10-2022 *\/\n.elementor-heading-title{padding:0;margin:0;line-height:1}.elementor-widget-heading .elementor-heading-title[class*=elementor-size-]>a{color:inherit;font-size:inherit;line-height:inherit}.elementor-widget-heading .elementor-heading-title.elementor-size-small{font-size:15px}.elementor-widget-heading .elementor-heading-title.elementor-size-medium{font-size:19px}.elementor-widget-heading .elementor-heading-title.elementor-size-large{font-size:29px}.elementor-widget-heading .elementor-heading-title.elementor-size-xl{font-size:39px}.elementor-widget-heading .elementor-heading-title.elementor-size-xxl{font-size:59px}<\/style><h1 class=\"elementor-heading-title elementor-size-default\">Utilisation de Cookies<\/h1>\t\t<\/div>\n\t\t\t\t<\/div>\n\t\t\t\t\t<\/div>\n\t\t<\/div>\n\t\t\t\t\t\t\t<\/div>\n\t\t<\/section>\n\t\t\t\t<section class=\"elementor-section elementor-top-section elementor-element elementor-element-dfdb97d elementor-section-boxed elementor-section-height-default elementor-section-height-default\" data-id=\"dfdb97d\" data-element_type=\"section\">\n\t\t\t\t\t\t<div class=\"elementor-container elementor-column-gap-default\">\n\t\t\t\t\t<div class=\"elementor-column elementor-col-100 elementor-top-column elementor-element elementor-element-e538c25\" data-id=\"e538c25\" data-element_type=\"column\">\n\t\t\t<div class=\"elementor-widget-wrap elementor-element-populated\">\n\t\t\t\t\t\t\t\t<div class=\"elementor-element elementor-element-e04f25b elementor-widget elementor-widget-text-editor\" data-id=\"e04f25b\" data-element_type=\"widget\" data-widget_type=\"text-editor.default\">\n\t\t\t\t<div class=\"elementor-widget-container\">\n\t\t\t<style>\/*! elementor - v3.7.8 - 02-10-2022 *\/\n.elementor-widget-text-editor.elementor-drop-cap-view-stacked .elementor-drop-cap{background-color:#818a91;color:#fff}.elementor-widget-text-editor.elementor-drop-cap-view-framed .elementor-drop-cap{color:#818a91;border:3px solid;background-color:transparent}.elementor-widget-text-editor:not(.elementor-drop-cap-view-default) .elementor-drop-cap{margin-top:8px}.elementor-widget-text-editor:not(.elementor-drop-cap-view-default) .elementor-drop-cap-letter{width:1em;height:1em}.elementor-widget-text-editor .elementor-drop-cap{float:left;text-align:center;line-height:1;font-size:50px}.elementor-widget-text-editor .elementor-drop-cap-letter{display:inline-block}<\/style>\t\t\t\t<h4>QUE SONT LES COOKIES?<\/h4>\n<p style=\"text-align: justifier;\">Les \u00ab cookies \u00bb sont de petites \u00e9tiquettes logicielles qui sont stock\u00e9es sur votre ordinateur via le navigateur (navigateur), ne retenant que les informations relatives \u00e0 vos pr\u00e9f\u00e9rences, \u00e0 l\u2019exclusion, \u00e0 ce titre, de vos informations personnelles. donn\u00e9es.<\/p>\n\n<h4 style=\"margin-top: 30px;\">\u00c0 QUOI SERVENT LES COOKIES?<\/h4>\n<p style=\"text-align: justifier;\">Les cookies servent \u00e0 am\u00e9liorer votre exp\u00e9rience de navigation en permettant une navigation plus rapide et plus efficace, \u00e9liminant ainsi la n\u00e9cessit\u00e9 de saisir \u00e0 plusieurs reprises les m\u00eames informations. De plus, les cookies permettent une pr\u00e9vention encore plus efficace de la fraude.<\/p>\n\n<h4 style=\"margin-top: 30px ;\">QUEL EST LE BUT DE L\u2019UTILISATION DES COOKIES ?<\/h4>\n<p style=\"text-align: justifier;\">Dans notre cas, nous utilisons des cookies aux fins suivantes :<\/p>\n<p style=\"text-align: justifier;\"><strong style=\"color: #000000;\">Cookies analytiques<\/strong> \u2013 Ils sont utilis\u00e9s de mani\u00e8re anonyme dans le but de cr\u00e9er et d\u2019analyser des statistiques, afin d\u2019am\u00e9liorer le fonctionnement depuis le site Web.<\/p>\n<p style=\"text-align: justifier;\"><strong style=\"color: #000000;\">Cookies de fonctionnalit\u00e9<\/strong> \u2013 Ils enregistrent les pr\u00e9f\u00e9rences de l\u2019utilisateur concernant l\u2019utilisation du site, de sorte qu\u2019il n\u2019est pas n\u00e9cessaire de revenir en configurant le site \u00e0 chaque visite.<\/p>\n<p style=\"text-align: justifier;\"><strong style=\"color: #000000;\">Cookies tiers<\/strong> \u2013 Ils mesurent le succ\u00e8s des applications et l\u2019efficacit\u00e9 des publicit\u00e9s tierces. Ils peuvent \u00e9galement \u00eatre utilis\u00e9s pour personnaliser un widget avec des donn\u00e9es utilisateur.<\/p>\n\n<h4 style=\"margin-top: 30px;\">COMMENT G\u00c9RER LES COOKIES?<\/h4>\n<p style=\"text-align: justifier;\">Tous les navigateurs permettent \u00e0 l\u2019utilisateur d\u2019accepter, de refuser ou de supprimer les cookies, notamment en s\u00e9lectionnant les param\u00e8tres appropri\u00e9s dans le navigateur respectif. Pour cela, vous pouvez effectuer les r\u00e9glages que vous jugez n\u00e9cessaires dans le menu \u00ab options \u00bb ou \u00ab pr\u00e9f\u00e9rences \u00bb. Il convient toutefois de noter qu\u2019en d\u00e9sactivant les cookies, et comme mentionn\u00e9 pr\u00e9c\u00e9demment, cela peut emp\u00eacher le bon fonctionnement de certains services du site, affectant partiellement ou totalement la navigation sur le site.<\/p>\t\t\t\t\t\t<\/div>\n\t\t\t\t<\/div>\n\t\t\t\t\t<\/div>\n\t\t<\/div>\n\t\t\t\t\t\t\t<\/div>\n\t\t<\/section>\n\t\t\t\t\t\t\t<\/div>\n\t\t","protected":false},"excerpt":{"rendered":"<p>Utilisation de Cookies QUE SONT LES COOKIES? Les \u00ab cookies \u00bb sont de petites \u00e9tiquettes logicielles qui sont stock\u00e9es sur votre ordinateur via le navigateur (navigateur), ne retenant que les informations relatives \u00e0 vos pr\u00e9f\u00e9rences, \u00e0 l\u2019exclusion, \u00e0 ce titre, de vos informations personnelles. donn\u00e9es. \u00c0 QUOI SERVENT LES COOKIES? Les cookies servent \u00e0 am\u00e9liorer votre exp\u00e9rience de navigation en &hellip;<\/p>\n","protected":false},"author":1,"featured_media":0,"parent":0,"menu_order":0,"comment_status":"closed","ping_status":"closed","template":"blank-builder.php","meta":{"inline_featured_image":false,"footnotes":""},"yoast_head":"<!-- This site is optimized with the Yoast SEO plugin v19.11 - https:\/\/yoast.com\/wordpress\/plugins\/seo\/ -->\n<title>Utilisation de Cookies - Salpicos D`Glamour - Ind\u00fastria de Mobili\u00e1rio<\/title>\n<meta name=\"description\" content=\"Les cookies servent \u00e0 am\u00e9liorer votre exp\u00e9rience de navigation, permettant une navigation plus rapide et plus efficace.\" \/>\n<meta name=\"robots\" content=\"index, follow, max-snippet:-1, max-image-preview:large, max-video-preview:-1\" \/>\n<link rel=\"canonical\" href=\"https:\/\/www.salpicosdeglamour.pt\/industria-de-mobiliario\/fr\/utilizacao-de-cookies\/\" \/>\n<meta property=\"og:locale\" content=\"fr_FR\" \/>\n<meta property=\"og:type\" content=\"article\" \/>\n<meta property=\"og:title\" content=\"Utilisation de Cookies - Salpicos D`Glamour - Ind\u00fastria de Mobili\u00e1rio\" \/>\n<meta property=\"og:description\" content=\"Les cookies servent \u00e0 am\u00e9liorer votre exp\u00e9rience de navigation, permettant une navigation plus rapide et plus efficace.\" \/>\n<meta property=\"og:url\" content=\"https:\/\/www.salpicosdeglamour.pt\/industria-de-mobiliario\/fr\/utilizacao-de-cookies\/\" \/>\n<meta property=\"og:site_name\" content=\"Salpicos D`Glamour - Ind\u00fastria de Mobili\u00e1rio\" \/>\n<meta property=\"article:modified_time\" content=\"2024-08-14T09:26:14+00:00\" \/>\n<meta name=\"twitter:card\" content=\"summary_large_image\" \/>\n<meta name=\"twitter:label1\" content=\"Dur\u00e9e de lecture estim\u00e9e\" \/>\n\t<meta name=\"twitter:data1\" content=\"2 minutes\" \/>\n<script type=\"application\/ld+json\" class=\"yoast-schema-graph\">{\"@context\":\"https:\/\/schema.org\",\"@graph\":[{\"@type\":\"WebPage\",\"@id\":\"https:\/\/www.salpicosdeglamour.pt\/industria-de-mobiliario\/fr\/utilizacao-de-cookies\/\",\"url\":\"https:\/\/www.salpicosdeglamour.pt\/industria-de-mobiliario\/fr\/utilizacao-de-cookies\/\",\"name\":\"Utilisation de Cookies - Salpicos D`Glamour - Ind\u00fastria de Mobili\u00e1rio\",\"isPartOf\":{\"@id\":\"https:\/\/www.salpicosdeglamour.pt\/industria-de-mobiliario\/fr\/#website\"},\"datePublished\":\"2021-09-15T09:46:21+00:00\",\"dateModified\":\"2024-08-14T09:26:14+00:00\",\"description\":\"Les cookies servent \u00e0 am\u00e9liorer votre exp\u00e9rience de navigation, permettant une navigation plus rapide et plus efficace.\",\"breadcrumb\":{\"@id\":\"https:\/\/www.salpicosdeglamour.pt\/industria-de-mobiliario\/fr\/utilizacao-de-cookies\/#breadcrumb\"},\"inLanguage\":\"fr-FR\",\"potentialAction\":[{\"@type\":\"ReadAction\",\"target\":[\"https:\/\/www.salpicosdeglamour.pt\/industria-de-mobiliario\/fr\/utilizacao-de-cookies\/\"]}]},{\"@type\":\"BreadcrumbList\",\"@id\":\"https:\/\/www.salpicosdeglamour.pt\/industria-de-mobiliario\/fr\/utilizacao-de-cookies\/#breadcrumb\",\"itemListElement\":[{\"@type\":\"ListItem\",\"position\":1,\"name\":\"Home\",\"item\":\"https:\/\/www.salpicosdeglamour.pt\/industria-de-mobiliario\/fr\/\"},{\"@type\":\"ListItem\",\"position\":2,\"name\":\"Utilisation de Cookies\"}]},{\"@type\":\"WebSite\",\"@id\":\"https:\/\/www.salpicosdeglamour.pt\/industria-de-mobiliario\/fr\/#website\",\"url\":\"https:\/\/www.salpicosdeglamour.pt\/industria-de-mobiliario\/fr\/\",\"name\":\"Salpicos D`Glamour - Ind\u00fastria de Mobili\u00e1rio\",\"description\":\"\",\"potentialAction\":[{\"@type\":\"SearchAction\",\"target\":{\"@type\":\"EntryPoint\",\"urlTemplate\":\"https:\/\/www.salpicosdeglamour.pt\/industria-de-mobiliario\/fr\/?s={search_term_string}\"},\"query-input\":\"required name=search_term_string\"}],\"inLanguage\":\"fr-FR\"}]}<\/script>\n<!-- \/ Yoast SEO plugin. -->","yoast_head_json":{"title":"Utilisation de Cookies - Salpicos D`Glamour - Ind\u00fastria de Mobili\u00e1rio","description":"Les cookies servent \u00e0 am\u00e9liorer votre exp\u00e9rience de navigation, permettant une navigation plus rapide et plus efficace.","robots":{"index":"index","follow":"follow","max-snippet":"max-snippet:-1","max-image-preview":"max-image-preview:large","max-video-preview":"max-video-preview:-1"},"canonical":"https:\/\/www.salpicosdeglamour.pt\/industria-de-mobiliario\/fr\/utilizacao-de-cookies\/","og_locale":"fr_FR","og_type":"article","og_title":"Utilisation de Cookies - Salpicos D`Glamour - Ind\u00fastria de Mobili\u00e1rio","og_description":"Les cookies servent \u00e0 am\u00e9liorer votre exp\u00e9rience de navigation, permettant une navigation plus rapide et plus efficace.","og_url":"https:\/\/www.salpicosdeglamour.pt\/industria-de-mobiliario\/fr\/utilizacao-de-cookies\/","og_site_name":"Salpicos D`Glamour - Ind\u00fastria de Mobili\u00e1rio","article_modified_time":"2024-08-14T09:26:14+00:00","twitter_card":"summary_large_image","twitter_misc":{"Dur\u00e9e de lecture estim\u00e9e":"2 minutes"},"schema":{"@context":"https:\/\/schema.org","@graph":[{"@type":"WebPage","@id":"https:\/\/www.salpicosdeglamour.pt\/industria-de-mobiliario\/fr\/utilizacao-de-cookies\/","url":"https:\/\/www.salpicosdeglamour.pt\/industria-de-mobiliario\/fr\/utilizacao-de-cookies\/","name":"Utilisation de Cookies - Salpicos D`Glamour - Ind\u00fastria de Mobili\u00e1rio","isPartOf":{"@id":"https:\/\/www.salpicosdeglamour.pt\/industria-de-mobiliario\/fr\/#website"},"datePublished":"2021-09-15T09:46:21+00:00","dateModified":"2024-08-14T09:26:14+00:00","description":"Les cookies servent \u00e0 am\u00e9liorer votre exp\u00e9rience de navigation, permettant une navigation plus rapide et plus efficace.","breadcrumb":{"@id":"https:\/\/www.salpicosdeglamour.pt\/industria-de-mobiliario\/fr\/utilizacao-de-cookies\/#breadcrumb"},"inLanguage":"fr-FR","potentialAction":[{"@type":"ReadAction","target":["https:\/\/www.salpicosdeglamour.pt\/industria-de-mobiliario\/fr\/utilizacao-de-cookies\/"]}]},{"@type":"BreadcrumbList","@id":"https:\/\/www.salpicosdeglamour.pt\/industria-de-mobiliario\/fr\/utilizacao-de-cookies\/#breadcrumb","itemListElement":[{"@type":"ListItem","position":1,"name":"Home","item":"https:\/\/www.salpicosdeglamour.pt\/industria-de-mobiliario\/fr\/"},{"@type":"ListItem","position":2,"name":"Utilisation de Cookies"}]},{"@type":"WebSite","@id":"https:\/\/www.salpicosdeglamour.pt\/industria-de-mobiliario\/fr\/#website","url":"https:\/\/www.salpicosdeglamour.pt\/industria-de-mobiliario\/fr\/","name":"Salpicos D`Glamour - Ind\u00fastria de Mobili\u00e1rio","description":"","potentialAction":[{"@type":"SearchAction","target":{"@type":"EntryPoint","urlTemplate":"https:\/\/www.salpicosdeglamour.pt\/industria-de-mobiliario\/fr\/?s={search_term_string}"},"query-input":"required name=search_term_string"}],"inLanguage":"fr-FR"}]}},"_links":{"self":[{"href":"https:\/\/www.salpicosdeglamour.pt\/industria-de-mobiliario\/fr\/wp-json\/wp\/v2\/pages\/4595"}],"collection":[{"href":"https:\/\/www.salpicosdeglamour.pt\/industria-de-mobiliario\/fr\/wp-json\/wp\/v2\/pages"}],"about":[{"href":"https:\/\/www.salpicosdeglamour.pt\/industria-de-mobiliario\/fr\/wp-json\/wp\/v2\/types\/page"}],"author":[{"embeddable":true,"href":"https:\/\/www.salpicosdeglamour.pt\/industria-de-mobiliario\/fr\/wp-json\/wp\/v2\/users\/1"}],"replies":[{"embeddable":true,"href":"https:\/\/www.salpicosdeglamour.pt\/industria-de-mobiliario\/fr\/wp-json\/wp\/v2\/comments?post=4595"}],"version-history":[{"count":0,"href":"https:\/\/www.salpicosdeglamour.pt\/industria-de-mobiliario\/fr\/wp-json\/wp\/v2\/pages\/4595\/revisions"}],"wp:attachment":[{"href":"https:\/\/www.salpicosdeglamour.pt\/industria-de-mobiliario\/fr\/wp-json\/wp\/v2\/media?parent=4595"}],"curies":[{"name":"wp","href":"https:\/\/api.w.org\/{rel}","templated":true}]}}