{"id":4676,"date":"2021-09-17T17:00:14","date_gmt":"2021-09-17T17:00:14","guid":{"rendered":"http:\/\/salpicosdeglamour.pt\/industria-de-mobiliario\/politica-de-privacidade\/"},"modified":"2024-08-14T09:21:26","modified_gmt":"2024-08-14T09:21:26","slug":"politique-de-confidentialite","status":"publish","type":"page","link":"https:\/\/www.salpicosdeglamour.pt\/industria-de-mobiliario\/fr\/politique-de-confidentialite\/","title":{"rendered":"Politique de Confidentialit\u00e9"},"content":{"rendered":"\t\t<div data-elementor-type=\"wp-page\" data-elementor-id=\"4676\" class=\"elementor elementor-4676 elementor-4668\">\n\t\t\t\t\t\t\t\t\t<section class=\"elementor-section elementor-top-section elementor-element elementor-element-f17c4a8 elementor-section-stretched elementor-section-full_width elementor-section-height-min-height quem_somos_banner_section elementor-section-height-default elementor-section-items-middle\" data-id=\"f17c4a8\" data-element_type=\"section\" data-settings=\"{&quot;stretch_section&quot;:&quot;section-stretched&quot;,&quot;background_background&quot;:&quot;classic&quot;}\">\n\t\t\t\t\t\t\t<div class=\"elementor-background-overlay\"><\/div>\n\t\t\t\t\t\t\t<div class=\"elementor-container elementor-column-gap-default\">\n\t\t\t\t\t<div class=\"elementor-column elementor-col-100 elementor-top-column elementor-element elementor-element-38bdf2e1\" data-id=\"38bdf2e1\" data-element_type=\"column\">\n\t\t\t<div class=\"elementor-widget-wrap elementor-element-populated\">\n\t\t\t\t\t\t\t\t<div class=\"elementor-element elementor-element-4557966c elementor-widget elementor-widget-heading\" data-id=\"4557966c\" data-element_type=\"widget\" data-widget_type=\"heading.default\">\n\t\t\t\t<div class=\"elementor-widget-container\">\n\t\t\t<style>\/*! elementor - v3.7.8 - 02-10-2022 *\/\n.elementor-heading-title{padding:0;margin:0;line-height:1}.elementor-widget-heading .elementor-heading-title[class*=elementor-size-]>a{color:inherit;font-size:inherit;line-height:inherit}.elementor-widget-heading .elementor-heading-title.elementor-size-small{font-size:15px}.elementor-widget-heading .elementor-heading-title.elementor-size-medium{font-size:19px}.elementor-widget-heading .elementor-heading-title.elementor-size-large{font-size:29px}.elementor-widget-heading .elementor-heading-title.elementor-size-xl{font-size:39px}.elementor-widget-heading .elementor-heading-title.elementor-size-xxl{font-size:59px}<\/style><h1 class=\"elementor-heading-title elementor-size-default\">Politique de Confidentialit\u00e9<\/h1>\t\t<\/div>\n\t\t\t\t<\/div>\n\t\t\t\t\t<\/div>\n\t\t<\/div>\n\t\t\t\t\t\t\t<\/div>\n\t\t<\/section>\n\t\t\t\t<section class=\"elementor-section elementor-top-section elementor-element elementor-element-6071340 elementor-section-boxed elementor-section-height-default elementor-section-height-default\" data-id=\"6071340\" data-element_type=\"section\">\n\t\t\t\t\t\t<div class=\"elementor-container elementor-column-gap-default\">\n\t\t\t\t\t<div class=\"elementor-column elementor-col-100 elementor-top-column elementor-element elementor-element-013ca90\" data-id=\"013ca90\" data-element_type=\"column\">\n\t\t\t<div class=\"elementor-widget-wrap elementor-element-populated\">\n\t\t\t\t\t\t\t\t<div class=\"elementor-element elementor-element-a666ef8 elementor-widget elementor-widget-text-editor\" data-id=\"a666ef8\" data-element_type=\"widget\" data-widget_type=\"text-editor.default\">\n\t\t\t\t<div class=\"elementor-widget-container\">\n\t\t\t<style>\/*! elementor - v3.7.8 - 02-10-2022 *\/\n.elementor-widget-text-editor.elementor-drop-cap-view-stacked .elementor-drop-cap{background-color:#818a91;color:#fff}.elementor-widget-text-editor.elementor-drop-cap-view-framed .elementor-drop-cap{color:#818a91;border:3px solid;background-color:transparent}.elementor-widget-text-editor:not(.elementor-drop-cap-view-default) .elementor-drop-cap{margin-top:8px}.elementor-widget-text-editor:not(.elementor-drop-cap-view-default) .elementor-drop-cap-letter{width:1em;height:1em}.elementor-widget-text-editor .elementor-drop-cap{float:left;text-align:center;line-height:1;font-size:50px}.elementor-widget-text-editor .elementor-drop-cap-letter{display:inline-block}<\/style>\t\t\t\t<p style=\"text-align: justify;\">Dados da entidade respons\u00e1vel pela recolha e tratamento de dados pessoais:<\/p>\n<p style=\"text-align: left;\"><b>Salpicos D&#8217;Glamour<\/b><br>\n<b>Rua da Alegria n.\u00ba 95, V.N.Famalic\u00e3o, Braga<\/b><br>\n<b>4765-643 Del\u00e3es<\/b><br>\n<b>geral@salpicosdeglamour.pt<\/b><br>\n<b>+351 965 800 119 <small>(Chamada para a rede m\u00f3vel nacional)<\/small><\/b><\/p>\n<p style=\"text-align: justify;\">O acesso e uso do site www.salpicosdeglamour.pt atribui a condi\u00e7\u00e3o de utilizador ao visitante da p\u00e1gina web e implica a total aceita\u00e7\u00e3o sem reservas das condi\u00e7\u00f5es de uso vigentes ao momento da utiliza\u00e7\u00e3o do site.<\/p>\n<p style=\"text-align: justify;\">A Salpicos D&#8217;Glamour compromete-se a assegurar a privacidade de todos os seus clientes, mantendo os seus dados pessoais confidenciais em cumprimento da legisla\u00e7\u00e3o aplic\u00e1vel (Lei de Protec\u00e7\u00e3o de Dados N\u00ba 67\/98 de 26 de Outubro) e a garantir o direito de acesso, retifica\u00e7\u00e3o e anula\u00e7\u00e3o de qualquer dado fornecido, pessoalmente ou por escrito.<\/p>\n<p style=\"text-align: justify;\">No papel de entidade respons\u00e1vel pela recolha e tratamento de dados pessoais, a Salpicos D&#8217;Glamour apenas facultar\u00e1 a informa\u00e7\u00e3o estritamente necess\u00e1ria \u00e0s entidades cuja colabora\u00e7\u00e3o seja indispens\u00e1vel \u00e0 presta\u00e7\u00e3o do seu servi\u00e7o, designadamente transportadoras e entidades financeiras.<\/p>\n<p style=\"text-align: justify;\">Se o utilizador pretender alterar, corrigir ou apagar os seus dados pessoais, poder\u00e1 faz\u00ea-lo de forma f\u00e1cil e gratuita junto da respons\u00e1vel pelo tratamento dos dados pelo s\u00edtio www.salpicosdeglamour.pt, atrav\u00e9s de email geral@salpicosdeglamour.pt, por telefone +351 965 800 119 <small>(Chamada para a rede m\u00f3vel nacional)<\/small> ou por carta para Rua da Alegria n.\u00ba 95, 4765-643 Del\u00e3es, V.N.Famalic\u00e3o, Braga.<\/p>\n<p style=\"text-align: justify;\">A Salpicos D&#8217;Glamour poder\u00e1 recolher a seguinte informa\u00e7\u00e3o pessoal dos utilizadores da sua pagina web atrav\u00e9s dos formul\u00e1rios correspondentes: nome, endere\u00e7o de correio electr\u00f3nico, endere\u00e7o postal, n\u00famero de telefone, data de nascimento, sexo, quando o utilizador visitar a p\u00e1gina web www.salpicosdeglamour.pt, se registar e realizar uma encomenda.<\/p>\n<p style=\"text-align: justify;\">Os dados recolhidos ter\u00e3o como fins processar os pedidos de encomenda, processar devolu\u00e7\u00f5es, bem como contactar o utilizador em caso de haver algum problema com as encomendas.<\/p>\n<p style=\"text-align: justify;\">A Salpicos D&#8217;Glamour adoptar\u00e1 todas as medidas necess\u00e1rias para garantir a seguran\u00e7a e integridade dos dados de car\u00e1cter pessoal dos utilizadores, bem como para evitar a sua perda, altera\u00e7\u00e3o e\/ou acesso por parte de terceiros n\u00e3o autorizados.<\/p>\n<p style=\"text-align: justify;\">A Salpicos D&#8217;Glamour n\u00e3o ceder\u00e1 a terceiros informa\u00e7\u00e3o relativa aos dados pessoais dos utilizadores, a n\u00e3o ser que haja um consentimento pr\u00e9vio, expresso e inequ\u00edvoco destes. N\u00e3o obstante, a Salpicos D&#8217;Glamour poder\u00e1 comunicar os dados pessoais dos utilizadores com o intuito de dar cumprimento aos contratos celebrados e para cumprir todos os compromissos assumidos com os utilizadores.<\/p>\n<p style=\"text-align: justify;\">N\u00e3o obstante a Salpicos D&#8217;Glamour proceder \u00e0 recolha e ao tratamento de dados de forma segura e que impede a perda ou manipula\u00e7\u00e3o, utilizando as t\u00e9cnicas mais aperfei\u00e7oadas para o efeito, informamos que a recolha em rede aberta permite a circula\u00e7\u00e3o dos dados pessoais sem condi\u00e7\u00f5es de seguran\u00e7a, correndo o risco de ser visualizados e utilizados por terceiros n\u00e3o autorizados.<\/p>\n<p style=\"text-align: justify;\">A Salpicos D&#8217;Glamour n\u00e3o se responsabiliza por quaisquer danos ou perdas resultantes de um ataque de nega\u00e7\u00e3o de servi\u00e7o, v\u00edrus ou qualquer outro programa ou material tecnologicamente prejudicial ou danoso, que possa afectar o computador do utilizador, equipamento inform\u00e1tico, electr\u00f3nico, dados ou materiais, em consequ\u00eancia da utiliza\u00e7\u00e3o do site www.salpicosdeglamour.pt, ou do descarregamento de conte\u00fado do mesmo ou dos conte\u00fados para os quais o mesmo redireccione.<\/p>\n<p style=\"text-align: justify;\">Todos os elementos, sonoros ou visuais, do site www.salpicosdeglamour.pt, incluindo a tecnologia subjacente, s\u00e3o protegidos pelos direitos de autor, das marcas ou das patentes.<\/p>\n<p style=\"text-align: justify;\">O utilizador que disponha de um site pessoal e que deseje colocar, para uso pessoal, no seu site um simples link direto \u00e0 p\u00e1gina www.salpicosdeglamour.pt, deve obrigatoriamente solicitar autoriza\u00e7\u00e3o pr\u00e9via \u00e0 sociedade Salpicos D&#8217;Glamour. A autoriza\u00e7\u00e3o s\u00f3 \u00e9 v\u00e1lida se prestada por escrito.<\/p>\t\t\t\t\t\t<\/div>\n\t\t\t\t<\/div>\n\t\t\t\t\t<\/div>\n\t\t<\/div>\n\t\t\t\t\t\t\t<\/div>\n\t\t<\/section>\n\t\t\t\t\t\t\t<\/div>\n\t\t","protected":false},"excerpt":{"rendered":"<p>Politique de Confidentialit\u00e9 Dados da entidade respons\u00e1vel pela recolha e tratamento de dados pessoais: Salpicos D&#8217;Glamour Rua da Alegria n.\u00ba 95, V.N.Famalic\u00e3o, Braga 4765-643 Del\u00e3es geral@salpicosdeglamour.pt +351 965 800 119 (Chamada para a rede m\u00f3vel nacional) O acesso e uso do site www.salpicosdeglamour.pt atribui a condi\u00e7\u00e3o de utilizador ao visitante da p\u00e1gina web e implica a total aceita\u00e7\u00e3o sem reservas &hellip;<\/p>\n","protected":false},"author":1,"featured_media":0,"parent":0,"menu_order":0,"comment_status":"closed","ping_status":"closed","template":"blank-builder.php","meta":{"inline_featured_image":false,"footnotes":""},"yoast_head":"<!-- This site is optimized with the Yoast SEO plugin v19.11 - https:\/\/yoast.com\/wordpress\/plugins\/seo\/ -->\n<title>Politique de Confidentialit\u00e9 - Salpicos D`Glamour - Ind\u00fastria de Mobili\u00e1rio<\/title>\n<meta name=\"description\" content=\"Salpicos D`Glamour adoptera toutes les mesures n\u00e9cessaires pour garantir la s\u00e9curit\u00e9 et l&#039;int\u00e9grit\u00e9 des donn\u00e9es des utilisateurs.\" \/>\n<meta name=\"robots\" content=\"index, follow, max-snippet:-1, max-image-preview:large, max-video-preview:-1\" \/>\n<link rel=\"canonical\" href=\"https:\/\/www.salpicosdeglamour.pt\/industria-de-mobiliario\/fr\/politique-de-confidentialite\/\" \/>\n<meta property=\"og:locale\" content=\"fr_FR\" \/>\n<meta property=\"og:type\" content=\"article\" \/>\n<meta property=\"og:title\" content=\"Politique de Confidentialit\u00e9 - Salpicos D`Glamour - Ind\u00fastria de Mobili\u00e1rio\" \/>\n<meta property=\"og:description\" content=\"Salpicos D`Glamour adoptera toutes les mesures n\u00e9cessaires pour garantir la s\u00e9curit\u00e9 et l&#039;int\u00e9grit\u00e9 des donn\u00e9es des utilisateurs.\" \/>\n<meta property=\"og:url\" content=\"https:\/\/www.salpicosdeglamour.pt\/industria-de-mobiliario\/fr\/politique-de-confidentialite\/\" \/>\n<meta property=\"og:site_name\" content=\"Salpicos D`Glamour - Ind\u00fastria de Mobili\u00e1rio\" \/>\n<meta property=\"article:modified_time\" content=\"2024-08-14T09:21:26+00:00\" \/>\n<meta name=\"twitter:card\" content=\"summary_large_image\" \/>\n<meta name=\"twitter:label1\" content=\"Dur\u00e9e de lecture estim\u00e9e\" \/>\n\t<meta name=\"twitter:data1\" content=\"3 minutes\" \/>\n<script type=\"application\/ld+json\" class=\"yoast-schema-graph\">{\"@context\":\"https:\/\/schema.org\",\"@graph\":[{\"@type\":\"WebPage\",\"@id\":\"https:\/\/www.salpicosdeglamour.pt\/industria-de-mobiliario\/fr\/politique-de-confidentialite\/\",\"url\":\"https:\/\/www.salpicosdeglamour.pt\/industria-de-mobiliario\/fr\/politique-de-confidentialite\/\",\"name\":\"Politique de Confidentialit\u00e9 - Salpicos D`Glamour - Ind\u00fastria de Mobili\u00e1rio\",\"isPartOf\":{\"@id\":\"https:\/\/www.salpicosdeglamour.pt\/industria-de-mobiliario\/fr\/#website\"},\"datePublished\":\"2021-09-17T17:00:14+00:00\",\"dateModified\":\"2024-08-14T09:21:26+00:00\",\"description\":\"Salpicos D`Glamour adoptera toutes les mesures n\u00e9cessaires pour garantir la s\u00e9curit\u00e9 et l'int\u00e9grit\u00e9 des donn\u00e9es des utilisateurs.\",\"breadcrumb\":{\"@id\":\"https:\/\/www.salpicosdeglamour.pt\/industria-de-mobiliario\/fr\/politique-de-confidentialite\/#breadcrumb\"},\"inLanguage\":\"fr-FR\",\"potentialAction\":[{\"@type\":\"ReadAction\",\"target\":[\"https:\/\/www.salpicosdeglamour.pt\/industria-de-mobiliario\/fr\/politique-de-confidentialite\/\"]}]},{\"@type\":\"BreadcrumbList\",\"@id\":\"https:\/\/www.salpicosdeglamour.pt\/industria-de-mobiliario\/fr\/politique-de-confidentialite\/#breadcrumb\",\"itemListElement\":[{\"@type\":\"ListItem\",\"position\":1,\"name\":\"Home\",\"item\":\"https:\/\/www.salpicosdeglamour.pt\/industria-de-mobiliario\/fr\/\"},{\"@type\":\"ListItem\",\"position\":2,\"name\":\"Politique de Confidentialit\u00e9\"}]},{\"@type\":\"WebSite\",\"@id\":\"https:\/\/www.salpicosdeglamour.pt\/industria-de-mobiliario\/fr\/#website\",\"url\":\"https:\/\/www.salpicosdeglamour.pt\/industria-de-mobiliario\/fr\/\",\"name\":\"Salpicos D`Glamour - Ind\u00fastria de Mobili\u00e1rio\",\"description\":\"\",\"potentialAction\":[{\"@type\":\"SearchAction\",\"target\":{\"@type\":\"EntryPoint\",\"urlTemplate\":\"https:\/\/www.salpicosdeglamour.pt\/industria-de-mobiliario\/fr\/?s={search_term_string}\"},\"query-input\":\"required name=search_term_string\"}],\"inLanguage\":\"fr-FR\"}]}<\/script>\n<!-- \/ Yoast SEO plugin. -->","yoast_head_json":{"title":"Politique de Confidentialit\u00e9 - Salpicos D`Glamour - Ind\u00fastria de Mobili\u00e1rio","description":"Salpicos D`Glamour adoptera toutes les mesures n\u00e9cessaires pour garantir la s\u00e9curit\u00e9 et l'int\u00e9grit\u00e9 des donn\u00e9es des utilisateurs.","robots":{"index":"index","follow":"follow","max-snippet":"max-snippet:-1","max-image-preview":"max-image-preview:large","max-video-preview":"max-video-preview:-1"},"canonical":"https:\/\/www.salpicosdeglamour.pt\/industria-de-mobiliario\/fr\/politique-de-confidentialite\/","og_locale":"fr_FR","og_type":"article","og_title":"Politique de Confidentialit\u00e9 - Salpicos D`Glamour - Ind\u00fastria de Mobili\u00e1rio","og_description":"Salpicos D`Glamour adoptera toutes les mesures n\u00e9cessaires pour garantir la s\u00e9curit\u00e9 et l'int\u00e9grit\u00e9 des donn\u00e9es des utilisateurs.","og_url":"https:\/\/www.salpicosdeglamour.pt\/industria-de-mobiliario\/fr\/politique-de-confidentialite\/","og_site_name":"Salpicos D`Glamour - Ind\u00fastria de Mobili\u00e1rio","article_modified_time":"2024-08-14T09:21:26+00:00","twitter_card":"summary_large_image","twitter_misc":{"Dur\u00e9e de lecture estim\u00e9e":"3 minutes"},"schema":{"@context":"https:\/\/schema.org","@graph":[{"@type":"WebPage","@id":"https:\/\/www.salpicosdeglamour.pt\/industria-de-mobiliario\/fr\/politique-de-confidentialite\/","url":"https:\/\/www.salpicosdeglamour.pt\/industria-de-mobiliario\/fr\/politique-de-confidentialite\/","name":"Politique de Confidentialit\u00e9 - Salpicos D`Glamour - Ind\u00fastria de Mobili\u00e1rio","isPartOf":{"@id":"https:\/\/www.salpicosdeglamour.pt\/industria-de-mobiliario\/fr\/#website"},"datePublished":"2021-09-17T17:00:14+00:00","dateModified":"2024-08-14T09:21:26+00:00","description":"Salpicos D`Glamour adoptera toutes les mesures n\u00e9cessaires pour garantir la s\u00e9curit\u00e9 et l'int\u00e9grit\u00e9 des donn\u00e9es des utilisateurs.","breadcrumb":{"@id":"https:\/\/www.salpicosdeglamour.pt\/industria-de-mobiliario\/fr\/politique-de-confidentialite\/#breadcrumb"},"inLanguage":"fr-FR","potentialAction":[{"@type":"ReadAction","target":["https:\/\/www.salpicosdeglamour.pt\/industria-de-mobiliario\/fr\/politique-de-confidentialite\/"]}]},{"@type":"BreadcrumbList","@id":"https:\/\/www.salpicosdeglamour.pt\/industria-de-mobiliario\/fr\/politique-de-confidentialite\/#breadcrumb","itemListElement":[{"@type":"ListItem","position":1,"name":"Home","item":"https:\/\/www.salpicosdeglamour.pt\/industria-de-mobiliario\/fr\/"},{"@type":"ListItem","position":2,"name":"Politique de Confidentialit\u00e9"}]},{"@type":"WebSite","@id":"https:\/\/www.salpicosdeglamour.pt\/industria-de-mobiliario\/fr\/#website","url":"https:\/\/www.salpicosdeglamour.pt\/industria-de-mobiliario\/fr\/","name":"Salpicos D`Glamour - Ind\u00fastria de Mobili\u00e1rio","description":"","potentialAction":[{"@type":"SearchAction","target":{"@type":"EntryPoint","urlTemplate":"https:\/\/www.salpicosdeglamour.pt\/industria-de-mobiliario\/fr\/?s={search_term_string}"},"query-input":"required name=search_term_string"}],"inLanguage":"fr-FR"}]}},"_links":{"self":[{"href":"https:\/\/www.salpicosdeglamour.pt\/industria-de-mobiliario\/fr\/wp-json\/wp\/v2\/pages\/4676"}],"collection":[{"href":"https:\/\/www.salpicosdeglamour.pt\/industria-de-mobiliario\/fr\/wp-json\/wp\/v2\/pages"}],"about":[{"href":"https:\/\/www.salpicosdeglamour.pt\/industria-de-mobiliario\/fr\/wp-json\/wp\/v2\/types\/page"}],"author":[{"embeddable":true,"href":"https:\/\/www.salpicosdeglamour.pt\/industria-de-mobiliario\/fr\/wp-json\/wp\/v2\/users\/1"}],"replies":[{"embeddable":true,"href":"https:\/\/www.salpicosdeglamour.pt\/industria-de-mobiliario\/fr\/wp-json\/wp\/v2\/comments?post=4676"}],"version-history":[{"count":0,"href":"https:\/\/www.salpicosdeglamour.pt\/industria-de-mobiliario\/fr\/wp-json\/wp\/v2\/pages\/4676\/revisions"}],"wp:attachment":[{"href":"https:\/\/www.salpicosdeglamour.pt\/industria-de-mobiliario\/fr\/wp-json\/wp\/v2\/media?parent=4676"}],"curies":[{"name":"wp","href":"https:\/\/api.w.org\/{rel}","templated":true}]}}