{"id":17389,"date":"2024-02-28T17:33:25","date_gmt":"2024-02-28T17:33:25","guid":{"rendered":"https:\/\/www.salpicosdeglamour.pt\/industria-de-mobiliario\/produto\/commode-stare\/"},"modified":"2025-03-25T09:37:33","modified_gmt":"2025-03-25T09:37:33","slug":"commode-stare","status":"publish","type":"product","link":"https:\/\/www.salpicosdeglamour.pt\/industria-de-mobiliario\/fr\/produto\/commode-stare\/","title":{"rendered":"Commode Stare"},"content":{"rendered":"","protected":false},"excerpt":{"rendered":"","protected":false},"featured_media":21614,"template":"","meta":{"inline_featured_image":false},"product_cat":[91,146],"product_tag":[],"yoast_head":"<!-- This site is optimized with the Yoast SEO plugin v19.11 - https:\/\/yoast.com\/wordpress\/plugins\/seo\/ -->\n<title>Commode Stare - Salpicos D`Glamour - Ind\u00fastria de Mobili\u00e1rio<\/title>\n<meta name=\"description\" content=\"Commode Stare, main-d`oeuvre portugaise \u00e0 cent pour cent, avec Salpicos D`Glamour.\" \/>\n<meta name=\"robots\" content=\"index, follow, max-snippet:-1, max-image-preview:large, max-video-preview:-1\" \/>\n<link rel=\"canonical\" href=\"https:\/\/www.salpicosdeglamour.pt\/industria-de-mobiliario\/fr\/produto\/commode-stare\/\" \/>\n<meta property=\"og:locale\" content=\"fr_FR\" \/>\n<meta property=\"og:type\" content=\"article\" \/>\n<meta property=\"og:title\" content=\"Commode Stare - Salpicos D`Glamour - Ind\u00fastria de Mobili\u00e1rio\" \/>\n<meta property=\"og:description\" content=\"Commode Stare, main-d`oeuvre portugaise \u00e0 cent pour cent, avec Salpicos D`Glamour.\" \/>\n<meta property=\"og:url\" content=\"https:\/\/www.salpicosdeglamour.pt\/industria-de-mobiliario\/fr\/produto\/commode-stare\/\" \/>\n<meta property=\"og:site_name\" content=\"Salpicos D`Glamour - Ind\u00fastria de Mobili\u00e1rio\" \/>\n<meta property=\"article:modified_time\" content=\"2025-03-25T09:37:33+00:00\" \/>\n<meta property=\"og:image\" content=\"https:\/\/www.salpicosdeglamour.pt\/industria-de-mobiliario\/wp-content\/uploads\/2025\/03\/QT050061-1.png\" \/>\n\t<meta property=\"og:image:width\" content=\"800\" \/>\n\t<meta property=\"og:image:height\" content=\"800\" \/>\n\t<meta property=\"og:image:type\" content=\"image\/png\" \/>\n<meta name=\"twitter:card\" content=\"summary_large_image\" \/>\n<script type=\"application\/ld+json\" class=\"yoast-schema-graph\">{\"@context\":\"https:\/\/schema.org\",\"@graph\":[{\"@type\":\"WebPage\",\"@id\":\"https:\/\/www.salpicosdeglamour.pt\/industria-de-mobiliario\/fr\/produto\/commode-stare\/\",\"url\":\"https:\/\/www.salpicosdeglamour.pt\/industria-de-mobiliario\/fr\/produto\/commode-stare\/\",\"name\":\"Commode Stare - Salpicos D`Glamour - Ind\u00fastria de Mobili\u00e1rio\",\"isPartOf\":{\"@id\":\"https:\/\/www.salpicosdeglamour.pt\/industria-de-mobiliario\/fr\/#website\"},\"datePublished\":\"2024-02-28T17:33:25+00:00\",\"dateModified\":\"2025-03-25T09:37:33+00:00\",\"description\":\"Commode Stare, main-d`oeuvre portugaise \u00e0 cent pour cent, avec Salpicos D`Glamour.\",\"breadcrumb\":{\"@id\":\"https:\/\/www.salpicosdeglamour.pt\/industria-de-mobiliario\/fr\/produto\/commode-stare\/#breadcrumb\"},\"inLanguage\":\"fr-FR\",\"potentialAction\":[{\"@type\":\"ReadAction\",\"target\":[\"https:\/\/www.salpicosdeglamour.pt\/industria-de-mobiliario\/fr\/produto\/commode-stare\/\"]}]},{\"@type\":\"BreadcrumbList\",\"@id\":\"https:\/\/www.salpicosdeglamour.pt\/industria-de-mobiliario\/fr\/produto\/commode-stare\/#breadcrumb\",\"itemListElement\":[{\"@type\":\"ListItem\",\"position\":1,\"name\":\"Home\",\"item\":\"https:\/\/www.salpicosdeglamour.pt\/industria-de-mobiliario\/fr\/\"},{\"@type\":\"ListItem\",\"position\":2,\"name\":\"Produits\",\"item\":\"https:\/\/www.salpicosdeglamour.pt\/industria-de-mobiliario\/fr\/boutique\/\"},{\"@type\":\"ListItem\",\"position\":3,\"name\":\"Commode Stare\"}]},{\"@type\":\"WebSite\",\"@id\":\"https:\/\/www.salpicosdeglamour.pt\/industria-de-mobiliario\/fr\/#website\",\"url\":\"https:\/\/www.salpicosdeglamour.pt\/industria-de-mobiliario\/fr\/\",\"name\":\"Salpicos D`Glamour - Ind\u00fastria de Mobili\u00e1rio\",\"description\":\"\",\"potentialAction\":[{\"@type\":\"SearchAction\",\"target\":{\"@type\":\"EntryPoint\",\"urlTemplate\":\"https:\/\/www.salpicosdeglamour.pt\/industria-de-mobiliario\/fr\/?s={search_term_string}\"},\"query-input\":\"required name=search_term_string\"}],\"inLanguage\":\"fr-FR\"}]}<\/script>\n<!-- \/ Yoast SEO plugin. -->","yoast_head_json":{"title":"Commode Stare - Salpicos D`Glamour - Ind\u00fastria de Mobili\u00e1rio","description":"Commode Stare, main-d`oeuvre portugaise \u00e0 cent pour cent, avec Salpicos D`Glamour.","robots":{"index":"index","follow":"follow","max-snippet":"max-snippet:-1","max-image-preview":"max-image-preview:large","max-video-preview":"max-video-preview:-1"},"canonical":"https:\/\/www.salpicosdeglamour.pt\/industria-de-mobiliario\/fr\/produto\/commode-stare\/","og_locale":"fr_FR","og_type":"article","og_title":"Commode Stare - Salpicos D`Glamour - Ind\u00fastria de Mobili\u00e1rio","og_description":"Commode Stare, main-d`oeuvre portugaise \u00e0 cent pour cent, avec Salpicos D`Glamour.","og_url":"https:\/\/www.salpicosdeglamour.pt\/industria-de-mobiliario\/fr\/produto\/commode-stare\/","og_site_name":"Salpicos D`Glamour - Ind\u00fastria de Mobili\u00e1rio","article_modified_time":"2025-03-25T09:37:33+00:00","og_image":[{"width":800,"height":800,"url":"https:\/\/www.salpicosdeglamour.pt\/industria-de-mobiliario\/wp-content\/uploads\/2025\/03\/QT050061-1.png","type":"image\/png"}],"twitter_card":"summary_large_image","schema":{"@context":"https:\/\/schema.org","@graph":[{"@type":"WebPage","@id":"https:\/\/www.salpicosdeglamour.pt\/industria-de-mobiliario\/fr\/produto\/commode-stare\/","url":"https:\/\/www.salpicosdeglamour.pt\/industria-de-mobiliario\/fr\/produto\/commode-stare\/","name":"Commode Stare - Salpicos D`Glamour - Ind\u00fastria de Mobili\u00e1rio","isPartOf":{"@id":"https:\/\/www.salpicosdeglamour.pt\/industria-de-mobiliario\/fr\/#website"},"datePublished":"2024-02-28T17:33:25+00:00","dateModified":"2025-03-25T09:37:33+00:00","description":"Commode Stare, main-d`oeuvre portugaise \u00e0 cent pour cent, avec Salpicos D`Glamour.","breadcrumb":{"@id":"https:\/\/www.salpicosdeglamour.pt\/industria-de-mobiliario\/fr\/produto\/commode-stare\/#breadcrumb"},"inLanguage":"fr-FR","potentialAction":[{"@type":"ReadAction","target":["https:\/\/www.salpicosdeglamour.pt\/industria-de-mobiliario\/fr\/produto\/commode-stare\/"]}]},{"@type":"BreadcrumbList","@id":"https:\/\/www.salpicosdeglamour.pt\/industria-de-mobiliario\/fr\/produto\/commode-stare\/#breadcrumb","itemListElement":[{"@type":"ListItem","position":1,"name":"Home","item":"https:\/\/www.salpicosdeglamour.pt\/industria-de-mobiliario\/fr\/"},{"@type":"ListItem","position":2,"name":"Produits","item":"https:\/\/www.salpicosdeglamour.pt\/industria-de-mobiliario\/fr\/boutique\/"},{"@type":"ListItem","position":3,"name":"Commode Stare"}]},{"@type":"WebSite","@id":"https:\/\/www.salpicosdeglamour.pt\/industria-de-mobiliario\/fr\/#website","url":"https:\/\/www.salpicosdeglamour.pt\/industria-de-mobiliario\/fr\/","name":"Salpicos D`Glamour - Ind\u00fastria de Mobili\u00e1rio","description":"","potentialAction":[{"@type":"SearchAction","target":{"@type":"EntryPoint","urlTemplate":"https:\/\/www.salpicosdeglamour.pt\/industria-de-mobiliario\/fr\/?s={search_term_string}"},"query-input":"required name=search_term_string"}],"inLanguage":"fr-FR"}]}},"_links":{"self":[{"href":"https:\/\/www.salpicosdeglamour.pt\/industria-de-mobiliario\/fr\/wp-json\/wp\/v2\/product\/17389"}],"collection":[{"href":"https:\/\/www.salpicosdeglamour.pt\/industria-de-mobiliario\/fr\/wp-json\/wp\/v2\/product"}],"about":[{"href":"https:\/\/www.salpicosdeglamour.pt\/industria-de-mobiliario\/fr\/wp-json\/wp\/v2\/types\/product"}],"wp:featuredmedia":[{"embeddable":true,"href":"https:\/\/www.salpicosdeglamour.pt\/industria-de-mobiliario\/fr\/wp-json\/wp\/v2\/media\/21614"}],"wp:attachment":[{"href":"https:\/\/www.salpicosdeglamour.pt\/industria-de-mobiliario\/fr\/wp-json\/wp\/v2\/media?parent=17389"}],"wp:term":[{"taxonomy":"product_cat","embeddable":true,"href":"https:\/\/www.salpicosdeglamour.pt\/industria-de-mobiliario\/fr\/wp-json\/wp\/v2\/product_cat?post=17389"},{"taxonomy":"product_tag","embeddable":true,"href":"https:\/\/www.salpicosdeglamour.pt\/industria-de-mobiliario\/fr\/wp-json\/wp\/v2\/product_tag?post=17389"}],"curies":[{"name":"wp","href":"https:\/\/api.w.org\/{rel}","templated":true}]}}