{"id":11093,"date":"2021-11-16T14:16:53","date_gmt":"2021-11-16T14:16:53","guid":{"rendered":"https:\/\/www.salpicosdeglamour.pt\/industria-de-mobiliario\/?page_id=11093"},"modified":"2023-03-09T15:36:18","modified_gmt":"2023-03-09T15:36:18","slug":"catalogo-geral-puxadores","status":"publish","type":"page","link":"https:\/\/www.salpicosdeglamour.pt\/industria-de-mobiliario\/catalogo-geral-puxadores\/","title":{"rendered":"Cat\u00e1logo Geral Puxadores"},"content":{"rendered":"\t\t<div data-elementor-type=\"wp-page\" data-elementor-id=\"11093\" class=\"elementor elementor-11093\">\n\t\t\t\t\t\t\t\t\t<section class=\"elementor-section elementor-top-section elementor-element elementor-element-2f9d0eee elementor-section-full_width elementor-section-height-default elementor-section-height-default\" data-id=\"2f9d0eee\" data-element_type=\"section\">\n\t\t\t\t\t\t<div class=\"elementor-container elementor-column-gap-default\">\n\t\t\t\t\t<div class=\"elementor-column elementor-col-100 elementor-top-column elementor-element elementor-element-4fff4ff1\" data-id=\"4fff4ff1\" data-element_type=\"column\">\n\t\t\t<div class=\"elementor-widget-wrap elementor-element-populated\">\n\t\t\t\t\t\t\t\t<div class=\"elementor-element elementor-element-3e773e18 elementor-widget elementor-widget-shortcode\" data-id=\"3e773e18\" data-element_type=\"widget\" data-widget_type=\"shortcode.default\">\n\t\t\t\t<div class=\"elementor-widget-container\">\n\t\t\t\t\t<div class=\"elementor-shortcode\"><div class=\"_df_book df-lite\" id=\"df_11088\"  data-title=\"catalogo-geral-puxadores\" _slug=\"catalogo-geral-puxadores\" wpoptions=\"true\" thumbtype=\"bg\" ><\/div><script class=\"df-shortcode-script\" type=\"application\/javascript\">window.option_df_11088 = {\"outline\":[],\"backgroundColor\":\"#f0f0f0\",\"height\":\"100vh\",\"forceFit\":\"true\",\"autoEnableOutline\":\"false\",\"autoEnableThumbnail\":\"false\",\"overwritePDFOutline\":\"false\",\"enableDownload\":\"false\",\"direction\":\"1\",\"pageSize\":\"0\",\"soundEnable\":\"false\",\"source\":\"https:\\\/\\\/www.salpicosdeglamour.pt\\\/industria-de-mobiliario\\\/wp-content\\\/uploads\\\/2021\\\/11\\\/catalogo_geral_puxadores.pdf\",\"wpOptions\":\"true\"}; if(window.DFLIP && window.DFLIP.parseBooks){window.DFLIP.parseBooks();}<\/script><\/div>\n\t\t\t\t<\/div>\n\t\t\t\t<\/div>\n\t\t\t\t\t<\/div>\n\t\t<\/div>\n\t\t\t\t\t\t\t<\/div>\n\t\t<\/section>\n\t\t\t\t\t\t\t<\/div>\n\t\t","protected":false},"excerpt":{"rendered":"","protected":false},"author":1,"featured_media":0,"parent":0,"menu_order":0,"comment_status":"closed","ping_status":"closed","template":"blank-builder.php","meta":{"inline_featured_image":false,"footnotes":""},"yoast_head":"<!-- This site is optimized with the Yoast SEO plugin v19.11 - https:\/\/yoast.com\/wordpress\/plugins\/seo\/ -->\n<title>Cat\u00e1logo Geral Puxadores - Salpicos D`Glamour - Ind\u00fastria de Mobili\u00e1rio<\/title>\n<meta name=\"robots\" content=\"noindex, follow\" \/>\n<meta property=\"og:locale\" content=\"pt_PT\" \/>\n<meta property=\"og:type\" content=\"article\" \/>\n<meta property=\"og:title\" content=\"Cat\u00e1logo Geral Puxadores - Salpicos D`Glamour - Ind\u00fastria de Mobili\u00e1rio\" \/>\n<meta property=\"og:url\" content=\"https:\/\/www.salpicosdeglamour.pt\/industria-de-mobiliario\/catalogo-geral-puxadores\/\" \/>\n<meta property=\"og:site_name\" content=\"Salpicos D`Glamour - Ind\u00fastria de Mobili\u00e1rio\" \/>\n<meta property=\"article:modified_time\" content=\"2023-03-09T15:36:18+00:00\" \/>\n<meta name=\"twitter:card\" content=\"summary_large_image\" \/>\n<meta name=\"twitter:label1\" content=\"Tempo estimado de leitura\" \/>\n\t<meta name=\"twitter:data1\" content=\"1 minuto\" \/>\n<script type=\"application\/ld+json\" class=\"yoast-schema-graph\">{\"@context\":\"https:\/\/schema.org\",\"@graph\":[{\"@type\":\"WebPage\",\"@id\":\"https:\/\/www.salpicosdeglamour.pt\/industria-de-mobiliario\/catalogo-geral-puxadores\/\",\"url\":\"https:\/\/www.salpicosdeglamour.pt\/industria-de-mobiliario\/catalogo-geral-puxadores\/\",\"name\":\"Cat\u00e1logo Geral Puxadores - Salpicos D`Glamour - Ind\u00fastria de Mobili\u00e1rio\",\"isPartOf\":{\"@id\":\"https:\/\/www.salpicosdeglamour.pt\/industria-de-mobiliario\/#website\"},\"datePublished\":\"2021-11-16T14:16:53+00:00\",\"dateModified\":\"2023-03-09T15:36:18+00:00\",\"breadcrumb\":{\"@id\":\"https:\/\/www.salpicosdeglamour.pt\/industria-de-mobiliario\/catalogo-geral-puxadores\/#breadcrumb\"},\"inLanguage\":\"pt-PT\",\"potentialAction\":[{\"@type\":\"ReadAction\",\"target\":[\"https:\/\/www.salpicosdeglamour.pt\/industria-de-mobiliario\/catalogo-geral-puxadores\/\"]}]},{\"@type\":\"BreadcrumbList\",\"@id\":\"https:\/\/www.salpicosdeglamour.pt\/industria-de-mobiliario\/catalogo-geral-puxadores\/#breadcrumb\",\"itemListElement\":[{\"@type\":\"ListItem\",\"position\":1,\"name\":\"Home\",\"item\":\"https:\/\/www.salpicosdeglamour.pt\/industria-de-mobiliario\/\"},{\"@type\":\"ListItem\",\"position\":2,\"name\":\"Cat\u00e1logo Geral Puxadores\"}]},{\"@type\":\"WebSite\",\"@id\":\"https:\/\/www.salpicosdeglamour.pt\/industria-de-mobiliario\/#website\",\"url\":\"https:\/\/www.salpicosdeglamour.pt\/industria-de-mobiliario\/\",\"name\":\"Salpicos D`Glamour - Ind\u00fastria de Mobili\u00e1rio\",\"description\":\"\",\"potentialAction\":[{\"@type\":\"SearchAction\",\"target\":{\"@type\":\"EntryPoint\",\"urlTemplate\":\"https:\/\/www.salpicosdeglamour.pt\/industria-de-mobiliario\/?s={search_term_string}\"},\"query-input\":\"required name=search_term_string\"}],\"inLanguage\":\"pt-PT\"}]}<\/script>\n<!-- \/ Yoast SEO plugin. -->","yoast_head_json":{"title":"Cat\u00e1logo Geral Puxadores - Salpicos D`Glamour - Ind\u00fastria de Mobili\u00e1rio","robots":{"index":"noindex","follow":"follow"},"og_locale":"pt_PT","og_type":"article","og_title":"Cat\u00e1logo Geral Puxadores - Salpicos D`Glamour - Ind\u00fastria de Mobili\u00e1rio","og_url":"https:\/\/www.salpicosdeglamour.pt\/industria-de-mobiliario\/catalogo-geral-puxadores\/","og_site_name":"Salpicos D`Glamour - Ind\u00fastria de Mobili\u00e1rio","article_modified_time":"2023-03-09T15:36:18+00:00","twitter_card":"summary_large_image","twitter_misc":{"Tempo estimado de leitura":"1 minuto"},"schema":{"@context":"https:\/\/schema.org","@graph":[{"@type":"WebPage","@id":"https:\/\/www.salpicosdeglamour.pt\/industria-de-mobiliario\/catalogo-geral-puxadores\/","url":"https:\/\/www.salpicosdeglamour.pt\/industria-de-mobiliario\/catalogo-geral-puxadores\/","name":"Cat\u00e1logo Geral Puxadores - Salpicos D`Glamour - Ind\u00fastria de Mobili\u00e1rio","isPartOf":{"@id":"https:\/\/www.salpicosdeglamour.pt\/industria-de-mobiliario\/#website"},"datePublished":"2021-11-16T14:16:53+00:00","dateModified":"2023-03-09T15:36:18+00:00","breadcrumb":{"@id":"https:\/\/www.salpicosdeglamour.pt\/industria-de-mobiliario\/catalogo-geral-puxadores\/#breadcrumb"},"inLanguage":"pt-PT","potentialAction":[{"@type":"ReadAction","target":["https:\/\/www.salpicosdeglamour.pt\/industria-de-mobiliario\/catalogo-geral-puxadores\/"]}]},{"@type":"BreadcrumbList","@id":"https:\/\/www.salpicosdeglamour.pt\/industria-de-mobiliario\/catalogo-geral-puxadores\/#breadcrumb","itemListElement":[{"@type":"ListItem","position":1,"name":"Home","item":"https:\/\/www.salpicosdeglamour.pt\/industria-de-mobiliario\/"},{"@type":"ListItem","position":2,"name":"Cat\u00e1logo Geral Puxadores"}]},{"@type":"WebSite","@id":"https:\/\/www.salpicosdeglamour.pt\/industria-de-mobiliario\/#website","url":"https:\/\/www.salpicosdeglamour.pt\/industria-de-mobiliario\/","name":"Salpicos D`Glamour - Ind\u00fastria de Mobili\u00e1rio","description":"","potentialAction":[{"@type":"SearchAction","target":{"@type":"EntryPoint","urlTemplate":"https:\/\/www.salpicosdeglamour.pt\/industria-de-mobiliario\/?s={search_term_string}"},"query-input":"required name=search_term_string"}],"inLanguage":"pt-PT"}]}},"_links":{"self":[{"href":"https:\/\/www.salpicosdeglamour.pt\/industria-de-mobiliario\/wp-json\/wp\/v2\/pages\/11093"}],"collection":[{"href":"https:\/\/www.salpicosdeglamour.pt\/industria-de-mobiliario\/wp-json\/wp\/v2\/pages"}],"about":[{"href":"https:\/\/www.salpicosdeglamour.pt\/industria-de-mobiliario\/wp-json\/wp\/v2\/types\/page"}],"author":[{"embeddable":true,"href":"https:\/\/www.salpicosdeglamour.pt\/industria-de-mobiliario\/wp-json\/wp\/v2\/users\/1"}],"replies":[{"embeddable":true,"href":"https:\/\/www.salpicosdeglamour.pt\/industria-de-mobiliario\/wp-json\/wp\/v2\/comments?post=11093"}],"version-history":[{"count":0,"href":"https:\/\/www.salpicosdeglamour.pt\/industria-de-mobiliario\/wp-json\/wp\/v2\/pages\/11093\/revisions"}],"wp:attachment":[{"href":"https:\/\/www.salpicosdeglamour.pt\/industria-de-mobiliario\/wp-json\/wp\/v2\/media?parent=11093"}],"curies":[{"name":"wp","href":"https:\/\/api.w.org\/{rel}","templated":true}]}}