{"id":6804,"date":"2021-10-06T08:54:21","date_gmt":"2021-10-06T08:54:21","guid":{"rendered":"http:\/\/salpicosdeglamour.pt\/industria-de-mobiliario\/?page_id=6804"},"modified":"2023-11-29T12:33:48","modified_gmt":"2023-11-29T12:33:48","slug":"franke-catalogo-geral","status":"publish","type":"page","link":"https:\/\/www.salpicosdeglamour.pt\/industria-de-mobiliario\/franke-catalogo-geral\/","title":{"rendered":"Franke Cat\u00e1logo Geral"},"content":{"rendered":"\t\t<div data-elementor-type=\"wp-page\" data-elementor-id=\"6804\" class=\"elementor elementor-6804\">\n\t\t\t\t\t\t\t\t\t<section class=\"elementor-section elementor-top-section elementor-element elementor-element-954aee8 elementor-section-full_width elementor-section-height-default elementor-section-height-default\" data-id=\"954aee8\" data-element_type=\"section\">\n\t\t\t\t\t\t<div class=\"elementor-container elementor-column-gap-default\">\n\t\t\t\t\t<div class=\"elementor-column elementor-col-100 elementor-top-column elementor-element elementor-element-6c77bc79\" data-id=\"6c77bc79\" data-element_type=\"column\">\n\t\t\t<div class=\"elementor-widget-wrap elementor-element-populated\">\n\t\t\t\t\t\t\t\t<div class=\"elementor-element elementor-element-288e6a25 elementor-widget elementor-widget-shortcode\" data-id=\"288e6a25\" data-element_type=\"widget\" data-widget_type=\"shortcode.default\">\n\t\t\t\t<div class=\"elementor-widget-container\">\n\t\t\t\t\t<div class=\"elementor-shortcode\"><div class=\"_df_book df-lite\" id=\"df_6796\"  data-title=\"catalogo-geral-2023\" _slug=\"catalogo-geral-2021\" wpoptions=\"true\" thumbtype=\"bg\" ><\/div><script class=\"df-shortcode-script\" type=\"application\/javascript\">window.option_df_6796 = {\"outline\":[],\"backgroundColor\":\"#f0f0f0\",\"height\":\"100vh\",\"forceFit\":\"true\",\"autoEnableOutline\":\"false\",\"autoEnableThumbnail\":\"false\",\"overwritePDFOutline\":\"false\",\"enableDownload\":\"false\",\"direction\":\"1\",\"pageSize\":\"0\",\"soundEnable\":\"false\",\"source\":\"https:\\\/\\\/www.salpicosdeglamour.pt\\\/industria-de-mobiliario\\\/wp-content\\\/uploads\\\/2023\\\/11\\\/FRANKE_2023.pdf\",\"wpOptions\":\"true\"}; if(window.DFLIP && window.DFLIP.parseBooks){window.DFLIP.parseBooks();}<\/script><\/div>\n\t\t\t\t<\/div>\n\t\t\t\t<\/div>\n\t\t\t\t\t<\/div>\n\t\t<\/div>\n\t\t\t\t\t\t\t<\/div>\n\t\t<\/section>\n\t\t\t\t\t\t\t<\/div>\n\t\t","protected":false},"excerpt":{"rendered":"","protected":false},"author":1,"featured_media":0,"parent":0,"menu_order":0,"comment_status":"closed","ping_status":"closed","template":"blank-builder.php","meta":{"inline_featured_image":false,"footnotes":""},"yoast_head":"<!-- This site is optimized with the Yoast SEO plugin v19.11 - https:\/\/yoast.com\/wordpress\/plugins\/seo\/ -->\n<title>Franke Cat\u00e1logo Geral - Salpicos D`Glamour - Ind\u00fastria de Mobili\u00e1rio<\/title>\n<meta name=\"robots\" content=\"noindex, follow\" \/>\n<meta property=\"og:locale\" content=\"pt_PT\" \/>\n<meta property=\"og:type\" content=\"article\" \/>\n<meta property=\"og:title\" content=\"Franke Cat\u00e1logo Geral - Salpicos D`Glamour - Ind\u00fastria de Mobili\u00e1rio\" \/>\n<meta property=\"og:url\" content=\"https:\/\/www.salpicosdeglamour.pt\/industria-de-mobiliario\/franke-catalogo-geral\/\" \/>\n<meta property=\"og:site_name\" content=\"Salpicos D`Glamour - Ind\u00fastria de Mobili\u00e1rio\" \/>\n<meta property=\"article:modified_time\" content=\"2023-11-29T12:33:48+00:00\" \/>\n<meta name=\"twitter:card\" content=\"summary_large_image\" \/>\n<meta name=\"twitter:label1\" content=\"Tempo estimado de leitura\" \/>\n\t<meta name=\"twitter:data1\" content=\"1 minuto\" \/>\n<script type=\"application\/ld+json\" class=\"yoast-schema-graph\">{\"@context\":\"https:\/\/schema.org\",\"@graph\":[{\"@type\":\"WebPage\",\"@id\":\"https:\/\/www.salpicosdeglamour.pt\/industria-de-mobiliario\/franke-catalogo-geral\/\",\"url\":\"https:\/\/www.salpicosdeglamour.pt\/industria-de-mobiliario\/franke-catalogo-geral\/\",\"name\":\"Franke Cat\u00e1logo Geral - Salpicos D`Glamour - Ind\u00fastria de Mobili\u00e1rio\",\"isPartOf\":{\"@id\":\"https:\/\/www.salpicosdeglamour.pt\/industria-de-mobiliario\/#website\"},\"datePublished\":\"2021-10-06T08:54:21+00:00\",\"dateModified\":\"2023-11-29T12:33:48+00:00\",\"breadcrumb\":{\"@id\":\"https:\/\/www.salpicosdeglamour.pt\/industria-de-mobiliario\/franke-catalogo-geral\/#breadcrumb\"},\"inLanguage\":\"pt-PT\",\"potentialAction\":[{\"@type\":\"ReadAction\",\"target\":[\"https:\/\/www.salpicosdeglamour.pt\/industria-de-mobiliario\/franke-catalogo-geral\/\"]}]},{\"@type\":\"BreadcrumbList\",\"@id\":\"https:\/\/www.salpicosdeglamour.pt\/industria-de-mobiliario\/franke-catalogo-geral\/#breadcrumb\",\"itemListElement\":[{\"@type\":\"ListItem\",\"position\":1,\"name\":\"Home\",\"item\":\"https:\/\/www.salpicosdeglamour.pt\/industria-de-mobiliario\/\"},{\"@type\":\"ListItem\",\"position\":2,\"name\":\"Franke Cat\u00e1logo Geral\"}]},{\"@type\":\"WebSite\",\"@id\":\"https:\/\/www.salpicosdeglamour.pt\/industria-de-mobiliario\/#website\",\"url\":\"https:\/\/www.salpicosdeglamour.pt\/industria-de-mobiliario\/\",\"name\":\"Salpicos D`Glamour - Ind\u00fastria de Mobili\u00e1rio\",\"description\":\"\",\"potentialAction\":[{\"@type\":\"SearchAction\",\"target\":{\"@type\":\"EntryPoint\",\"urlTemplate\":\"https:\/\/www.salpicosdeglamour.pt\/industria-de-mobiliario\/?s={search_term_string}\"},\"query-input\":\"required name=search_term_string\"}],\"inLanguage\":\"pt-PT\"}]}<\/script>\n<!-- \/ Yoast SEO plugin. -->","yoast_head_json":{"title":"Franke Cat\u00e1logo Geral - Salpicos D`Glamour - Ind\u00fastria de Mobili\u00e1rio","robots":{"index":"noindex","follow":"follow"},"og_locale":"pt_PT","og_type":"article","og_title":"Franke Cat\u00e1logo Geral - Salpicos D`Glamour - Ind\u00fastria de Mobili\u00e1rio","og_url":"https:\/\/www.salpicosdeglamour.pt\/industria-de-mobiliario\/franke-catalogo-geral\/","og_site_name":"Salpicos D`Glamour - Ind\u00fastria de Mobili\u00e1rio","article_modified_time":"2023-11-29T12:33:48+00:00","twitter_card":"summary_large_image","twitter_misc":{"Tempo estimado de leitura":"1 minuto"},"schema":{"@context":"https:\/\/schema.org","@graph":[{"@type":"WebPage","@id":"https:\/\/www.salpicosdeglamour.pt\/industria-de-mobiliario\/franke-catalogo-geral\/","url":"https:\/\/www.salpicosdeglamour.pt\/industria-de-mobiliario\/franke-catalogo-geral\/","name":"Franke Cat\u00e1logo Geral - Salpicos D`Glamour - Ind\u00fastria de Mobili\u00e1rio","isPartOf":{"@id":"https:\/\/www.salpicosdeglamour.pt\/industria-de-mobiliario\/#website"},"datePublished":"2021-10-06T08:54:21+00:00","dateModified":"2023-11-29T12:33:48+00:00","breadcrumb":{"@id":"https:\/\/www.salpicosdeglamour.pt\/industria-de-mobiliario\/franke-catalogo-geral\/#breadcrumb"},"inLanguage":"pt-PT","potentialAction":[{"@type":"ReadAction","target":["https:\/\/www.salpicosdeglamour.pt\/industria-de-mobiliario\/franke-catalogo-geral\/"]}]},{"@type":"BreadcrumbList","@id":"https:\/\/www.salpicosdeglamour.pt\/industria-de-mobiliario\/franke-catalogo-geral\/#breadcrumb","itemListElement":[{"@type":"ListItem","position":1,"name":"Home","item":"https:\/\/www.salpicosdeglamour.pt\/industria-de-mobiliario\/"},{"@type":"ListItem","position":2,"name":"Franke Cat\u00e1logo Geral"}]},{"@type":"WebSite","@id":"https:\/\/www.salpicosdeglamour.pt\/industria-de-mobiliario\/#website","url":"https:\/\/www.salpicosdeglamour.pt\/industria-de-mobiliario\/","name":"Salpicos D`Glamour - Ind\u00fastria de Mobili\u00e1rio","description":"","potentialAction":[{"@type":"SearchAction","target":{"@type":"EntryPoint","urlTemplate":"https:\/\/www.salpicosdeglamour.pt\/industria-de-mobiliario\/?s={search_term_string}"},"query-input":"required name=search_term_string"}],"inLanguage":"pt-PT"}]}},"_links":{"self":[{"href":"https:\/\/www.salpicosdeglamour.pt\/industria-de-mobiliario\/wp-json\/wp\/v2\/pages\/6804"}],"collection":[{"href":"https:\/\/www.salpicosdeglamour.pt\/industria-de-mobiliario\/wp-json\/wp\/v2\/pages"}],"about":[{"href":"https:\/\/www.salpicosdeglamour.pt\/industria-de-mobiliario\/wp-json\/wp\/v2\/types\/page"}],"author":[{"embeddable":true,"href":"https:\/\/www.salpicosdeglamour.pt\/industria-de-mobiliario\/wp-json\/wp\/v2\/users\/1"}],"replies":[{"embeddable":true,"href":"https:\/\/www.salpicosdeglamour.pt\/industria-de-mobiliario\/wp-json\/wp\/v2\/comments?post=6804"}],"version-history":[{"count":0,"href":"https:\/\/www.salpicosdeglamour.pt\/industria-de-mobiliario\/wp-json\/wp\/v2\/pages\/6804\/revisions"}],"wp:attachment":[{"href":"https:\/\/www.salpicosdeglamour.pt\/industria-de-mobiliario\/wp-json\/wp\/v2\/media?parent=6804"}],"curies":[{"name":"wp","href":"https:\/\/api.w.org\/{rel}","templated":true}]}}