{"id":20547,"date":"2024-11-11T12:25:51","date_gmt":"2024-11-11T12:25:51","guid":{"rendered":"https:\/\/www.salpicosdeglamour.pt\/industria-de-mobiliario\/?post_type=product&#038;p=20547"},"modified":"2024-11-11T12:25:52","modified_gmt":"2024-11-11T12:25:52","slug":"colchao-boo","status":"publish","type":"product","link":"https:\/\/www.salpicosdeglamour.pt\/industria-de-mobiliario\/produto\/colchao-boo\/","title":{"rendered":"Colch\u00e3o Boo"},"content":{"rendered":"<p>Colch\u00e3o com molas da Salpicos D`Glamour.<\/p>\n<p><strong>Caracter\u00edsticas:<\/strong><br \/>\nBonnel Spring Ortop\u00e9dico<br \/>\nViscoel\u00e1stico<br \/>\n4D Air Fresh<br \/>\nAntibacteriano \/ Anti-\u00e1caros<br \/>\nAlgod\u00e3o Strech<br \/>\nEquilibrado<\/p>\n","protected":false},"excerpt":{"rendered":"<p>Colch\u00e3o com molas da Salpicos D`Glamour.<\/p>\n","protected":false},"featured_media":20548,"template":"","meta":{"inline_featured_image":false},"product_cat":[56,254],"product_tag":[],"yoast_head":"<!-- This site is optimized with the Yoast SEO plugin v19.11 - https:\/\/yoast.com\/wordpress\/plugins\/seo\/ -->\n<title>Colch\u00e3o Boo - Salpicos D`Glamour - Ind\u00fastria de Mobili\u00e1rio<\/title>\n<meta name=\"description\" content=\"Colch\u00e3o Boo, m\u00e3o de obra cem porcento portuguesa, com a Salpicos D`Glamour.\" \/>\n<meta name=\"robots\" content=\"index, follow, max-snippet:-1, max-image-preview:large, max-video-preview:-1\" \/>\n<link rel=\"canonical\" href=\"https:\/\/www.salpicosdeglamour.pt\/industria-de-mobiliario\/produto\/colchao-boo\/\" \/>\n<meta property=\"og:locale\" content=\"pt_PT\" \/>\n<meta property=\"og:type\" content=\"article\" \/>\n<meta property=\"og:title\" content=\"Colch\u00e3o Boo - Salpicos D`Glamour - Ind\u00fastria de Mobili\u00e1rio\" \/>\n<meta property=\"og:description\" content=\"Colch\u00e3o Boo, m\u00e3o de obra cem porcento portuguesa, com a Salpicos D`Glamour.\" \/>\n<meta property=\"og:url\" content=\"https:\/\/www.salpicosdeglamour.pt\/industria-de-mobiliario\/produto\/colchao-boo\/\" \/>\n<meta property=\"og:site_name\" content=\"Salpicos D`Glamour - Ind\u00fastria de Mobili\u00e1rio\" \/>\n<meta property=\"article:modified_time\" content=\"2024-11-11T12:25:52+00:00\" \/>\n<meta property=\"og:image\" content=\"https:\/\/www.salpicosdeglamour.pt\/industria-de-mobiliario\/wp-content\/uploads\/2024\/11\/QT070031-1.png\" \/>\n\t<meta property=\"og:image:width\" content=\"800\" \/>\n\t<meta property=\"og:image:height\" content=\"800\" \/>\n\t<meta property=\"og:image:type\" content=\"image\/png\" \/>\n<meta name=\"twitter:card\" content=\"summary_large_image\" \/>\n<script type=\"application\/ld+json\" class=\"yoast-schema-graph\">{\"@context\":\"https:\/\/schema.org\",\"@graph\":[{\"@type\":\"WebPage\",\"@id\":\"https:\/\/www.salpicosdeglamour.pt\/industria-de-mobiliario\/produto\/colchao-boo\/\",\"url\":\"https:\/\/www.salpicosdeglamour.pt\/industria-de-mobiliario\/produto\/colchao-boo\/\",\"name\":\"Colch\u00e3o Boo - Salpicos D`Glamour - Ind\u00fastria de Mobili\u00e1rio\",\"isPartOf\":{\"@id\":\"https:\/\/www.salpicosdeglamour.pt\/industria-de-mobiliario\/#website\"},\"datePublished\":\"2024-11-11T12:25:51+00:00\",\"dateModified\":\"2024-11-11T12:25:52+00:00\",\"description\":\"Colch\u00e3o Boo, m\u00e3o de obra cem porcento portuguesa, com a Salpicos D`Glamour.\",\"breadcrumb\":{\"@id\":\"https:\/\/www.salpicosdeglamour.pt\/industria-de-mobiliario\/produto\/colchao-boo\/#breadcrumb\"},\"inLanguage\":\"pt-PT\",\"potentialAction\":[{\"@type\":\"ReadAction\",\"target\":[\"https:\/\/www.salpicosdeglamour.pt\/industria-de-mobiliario\/produto\/colchao-boo\/\"]}]},{\"@type\":\"BreadcrumbList\",\"@id\":\"https:\/\/www.salpicosdeglamour.pt\/industria-de-mobiliario\/produto\/colchao-boo\/#breadcrumb\",\"itemListElement\":[{\"@type\":\"ListItem\",\"position\":1,\"name\":\"Home\",\"item\":\"https:\/\/www.salpicosdeglamour.pt\/industria-de-mobiliario\/\"},{\"@type\":\"ListItem\",\"position\":2,\"name\":\"Produtos\",\"item\":\"https:\/\/www.salpicosdeglamour.pt\/industria-de-mobiliario\/loja\/\"},{\"@type\":\"ListItem\",\"position\":3,\"name\":\"Colch\u00e3o Boo\"}]},{\"@type\":\"WebSite\",\"@id\":\"https:\/\/www.salpicosdeglamour.pt\/industria-de-mobiliario\/#website\",\"url\":\"https:\/\/www.salpicosdeglamour.pt\/industria-de-mobiliario\/\",\"name\":\"Salpicos D`Glamour - Ind\u00fastria de Mobili\u00e1rio\",\"description\":\"\",\"potentialAction\":[{\"@type\":\"SearchAction\",\"target\":{\"@type\":\"EntryPoint\",\"urlTemplate\":\"https:\/\/www.salpicosdeglamour.pt\/industria-de-mobiliario\/?s={search_term_string}\"},\"query-input\":\"required name=search_term_string\"}],\"inLanguage\":\"pt-PT\"}]}<\/script>\n<!-- \/ Yoast SEO plugin. -->","yoast_head_json":{"title":"Colch\u00e3o Boo - Salpicos D`Glamour - Ind\u00fastria de Mobili\u00e1rio","description":"Colch\u00e3o Boo, m\u00e3o de obra cem porcento portuguesa, com a Salpicos D`Glamour.","robots":{"index":"index","follow":"follow","max-snippet":"max-snippet:-1","max-image-preview":"max-image-preview:large","max-video-preview":"max-video-preview:-1"},"canonical":"https:\/\/www.salpicosdeglamour.pt\/industria-de-mobiliario\/produto\/colchao-boo\/","og_locale":"pt_PT","og_type":"article","og_title":"Colch\u00e3o Boo - Salpicos D`Glamour - Ind\u00fastria de Mobili\u00e1rio","og_description":"Colch\u00e3o Boo, m\u00e3o de obra cem porcento portuguesa, com a Salpicos D`Glamour.","og_url":"https:\/\/www.salpicosdeglamour.pt\/industria-de-mobiliario\/produto\/colchao-boo\/","og_site_name":"Salpicos D`Glamour - Ind\u00fastria de Mobili\u00e1rio","article_modified_time":"2024-11-11T12:25:52+00:00","og_image":[{"width":800,"height":800,"url":"https:\/\/www.salpicosdeglamour.pt\/industria-de-mobiliario\/wp-content\/uploads\/2024\/11\/QT070031-1.png","type":"image\/png"}],"twitter_card":"summary_large_image","schema":{"@context":"https:\/\/schema.org","@graph":[{"@type":"WebPage","@id":"https:\/\/www.salpicosdeglamour.pt\/industria-de-mobiliario\/produto\/colchao-boo\/","url":"https:\/\/www.salpicosdeglamour.pt\/industria-de-mobiliario\/produto\/colchao-boo\/","name":"Colch\u00e3o Boo - Salpicos D`Glamour - Ind\u00fastria de Mobili\u00e1rio","isPartOf":{"@id":"https:\/\/www.salpicosdeglamour.pt\/industria-de-mobiliario\/#website"},"datePublished":"2024-11-11T12:25:51+00:00","dateModified":"2024-11-11T12:25:52+00:00","description":"Colch\u00e3o Boo, m\u00e3o de obra cem porcento portuguesa, com a Salpicos D`Glamour.","breadcrumb":{"@id":"https:\/\/www.salpicosdeglamour.pt\/industria-de-mobiliario\/produto\/colchao-boo\/#breadcrumb"},"inLanguage":"pt-PT","potentialAction":[{"@type":"ReadAction","target":["https:\/\/www.salpicosdeglamour.pt\/industria-de-mobiliario\/produto\/colchao-boo\/"]}]},{"@type":"BreadcrumbList","@id":"https:\/\/www.salpicosdeglamour.pt\/industria-de-mobiliario\/produto\/colchao-boo\/#breadcrumb","itemListElement":[{"@type":"ListItem","position":1,"name":"Home","item":"https:\/\/www.salpicosdeglamour.pt\/industria-de-mobiliario\/"},{"@type":"ListItem","position":2,"name":"Produtos","item":"https:\/\/www.salpicosdeglamour.pt\/industria-de-mobiliario\/loja\/"},{"@type":"ListItem","position":3,"name":"Colch\u00e3o Boo"}]},{"@type":"WebSite","@id":"https:\/\/www.salpicosdeglamour.pt\/industria-de-mobiliario\/#website","url":"https:\/\/www.salpicosdeglamour.pt\/industria-de-mobiliario\/","name":"Salpicos D`Glamour - Ind\u00fastria de Mobili\u00e1rio","description":"","potentialAction":[{"@type":"SearchAction","target":{"@type":"EntryPoint","urlTemplate":"https:\/\/www.salpicosdeglamour.pt\/industria-de-mobiliario\/?s={search_term_string}"},"query-input":"required name=search_term_string"}],"inLanguage":"pt-PT"}]}},"_links":{"self":[{"href":"https:\/\/www.salpicosdeglamour.pt\/industria-de-mobiliario\/wp-json\/wp\/v2\/product\/20547"}],"collection":[{"href":"https:\/\/www.salpicosdeglamour.pt\/industria-de-mobiliario\/wp-json\/wp\/v2\/product"}],"about":[{"href":"https:\/\/www.salpicosdeglamour.pt\/industria-de-mobiliario\/wp-json\/wp\/v2\/types\/product"}],"wp:featuredmedia":[{"embeddable":true,"href":"https:\/\/www.salpicosdeglamour.pt\/industria-de-mobiliario\/wp-json\/wp\/v2\/media\/20548"}],"wp:attachment":[{"href":"https:\/\/www.salpicosdeglamour.pt\/industria-de-mobiliario\/wp-json\/wp\/v2\/media?parent=20547"}],"wp:term":[{"taxonomy":"product_cat","embeddable":true,"href":"https:\/\/www.salpicosdeglamour.pt\/industria-de-mobiliario\/wp-json\/wp\/v2\/product_cat?post=20547"},{"taxonomy":"product_tag","embeddable":true,"href":"https:\/\/www.salpicosdeglamour.pt\/industria-de-mobiliario\/wp-json\/wp\/v2\/product_tag?post=20547"}],"curies":[{"name":"wp","href":"https:\/\/api.w.org\/{rel}","templated":true}]}}